{"id":142,"date":"2025-07-08T21:08:37","date_gmt":"2025-07-08T19:08:37","guid":{"rendered":"https:\/\/labisette.com\/?page_id=142"},"modified":"2025-07-12T17:29:05","modified_gmt":"2025-07-12T15:29:05","slug":"la-chanson","status":"publish","type":"page","link":"https:\/\/labisette.com\/?page_id=142","title":{"rendered":"La musique, une autre boutade"},"content":{"rendered":"\n<div class=\"wp-block-file\"><a id=\"wp-block-file--media-5dd7005a-5fad-4d9c-8ab5-4dd666bbaa16\" href=\"https:\/\/labisette.com\/wp-content\/uploads\/2025\/07\/La_Bisette_d_Ete.mp3\">La Bisette d&rsquo;\u00c9t\u00e9<\/a><a href=\"https:\/\/labisette.com\/wp-content\/uploads\/2025\/07\/La_Bisette_d_Ete.mp3\" class=\"wp-block-file__button wp-element-button\" download aria-describedby=\"wp-block-file--media-5dd7005a-5fad-4d9c-8ab5-4dd666bbaa16\">T\u00e9l\u00e9charger<\/a><\/div>\n\n\n\n<div class=\"wp-block-media-text is-stacked-on-mobile\"><figure class=\"wp-block-media-text__media\"><img loading=\"lazy\" decoding=\"async\" width=\"200\" height=\"200\" src=\"https:\/\/labisette.com\/wp-content\/uploads\/2025\/07\/La_Bisette_d_Ete-mp3-image.png\" alt=\"\" class=\"wp-image-141 size-full\" srcset=\"https:\/\/labisette.com\/wp-content\/uploads\/2025\/07\/La_Bisette_d_Ete-mp3-image.png 200w, https:\/\/labisette.com\/wp-content\/uploads\/2025\/07\/La_Bisette_d_Ete-mp3-image-150x150.png 150w, https:\/\/labisette.com\/wp-content\/uploads\/2025\/07\/La_Bisette_d_Ete-mp3-image-100x100.png 100w\" sizes=\"auto, (max-width: 200px) 100vw, 200px\" \/><\/figure><div class=\"wp-block-media-text__content\">\n<p>Et si c&rsquo;\u00e9tait le tube de l&rsquo;\u00e9t\u00e9 ? Un petit son d\u00e9cal\u00e9 &#8230; C\u2019est pas s\u00e9rieux, mais c\u2019est entra\u00eenant&#8230;<\/p>\n\n\n\n<p>Ahhhh et j&rsquo;oubliais, La Bisette musicale, bel \u00e9t\u00e9<\/p>\n\n\n\n<p>Tu la veux en MP3 ? \u00c8b\u00e9, t\u00e9l\u00e9charge la, en cliquant sur le lien au-dessus !<\/p>\n<\/div><\/div>\n\n\n\n<hr class=\"wp-block-separator has-alpha-channel-opacity\"\/>\n\n\n\n<div class=\"wp-block-file\"><a id=\"wp-block-file--media-a32076b9-9753-4e9e-8700-bd94358210c3\" href=\"https:\/\/labisette.com\/wp-content\/uploads\/2025\/07\/Thau_talement_La_Bisette.mp3\">Thau&rsquo;talement La Bisette<\/a><a href=\"https:\/\/labisette.com\/wp-content\/uploads\/2025\/07\/Thau_talement_La_Bisette.mp3\" class=\"wp-block-file__button wp-element-button\" download aria-describedby=\"wp-block-file--media-a32076b9-9753-4e9e-8700-bd94358210c3\">T\u00e9l\u00e9charger<\/a><\/div>\n\n\n\n<div class=\"wp-block-media-text is-stacked-on-mobile\"><figure class=\"wp-block-media-text__media\"><img loading=\"lazy\" decoding=\"async\" width=\"200\" height=\"200\" src=\"https:\/\/labisette.com\/wp-content\/uploads\/2025\/07\/Thau_talement_La_Bisette-mp3-image.png\" alt=\"\" class=\"wp-image-154 size-full\" srcset=\"https:\/\/labisette.com\/wp-content\/uploads\/2025\/07\/Thau_talement_La_Bisette-mp3-image.png 200w, https:\/\/labisette.com\/wp-content\/uploads\/2025\/07\/Thau_talement_La_Bisette-mp3-image-150x150.png 150w, https:\/\/labisette.com\/wp-content\/uploads\/2025\/07\/Thau_talement_La_Bisette-mp3-image-100x100.png 100w\" sizes=\"auto, (max-width: 200px) 100vw, 200px\" \/><\/figure><div class=\"wp-block-media-text__content\">\n<p>Et si c&rsquo;\u00e9tait l&rsquo;autre tube de l&rsquo;\u00e9t\u00e9 ? Un petit son d\u00e9cal\u00e9 parlant d&rsquo;un territoire privil\u00e9gi\u00e9&#8230; l\u2019<a href=\"https:\/\/www.archipel-thau.com\/\">Archipel de Thau<\/a> ! <\/p>\n\n\n\n<p>C\u2019est pas s\u00e9rieux \u00e9galement, mais c\u2019est entra\u00eenant&#8230;<\/p>\n\n\n\n<p>Tu la veux en MP3 ? \u00c8b\u00e9, t\u00e9l\u00e9charge la, en cliquant sur le lien au-dessus !<\/p>\n<\/div><\/div>\n\n\n\n<p><\/p>\n","protected":false},"excerpt":{"rendered":"<p>Et si c&rsquo;\u00e9tait le tube de l&rsquo;\u00e9t\u00e9 ? Un petit son d\u00e9cal\u00e9 &#8230; C\u2019est pas s\u00e9rieux, mais c\u2019est entra\u00eenant&#8230; Ahhhh et j&rsquo;oubliais, La Bisette musicale, bel \u00e9t\u00e9 Tu la veux en MP3 ? \u00c8b\u00e9, t\u00e9l\u00e9charge la, en cliquant sur le lien au-dessus ! Et si c&rsquo;\u00e9tait l&rsquo;autre tube de l&rsquo;\u00e9t\u00e9 ? Un petit son d\u00e9cal\u00e9 &hellip; <\/p>\n<p class=\"link-more\"><a href=\"https:\/\/labisette.com\/?page_id=142\" class=\"more-link\">Continuer la lecture<span class=\"screen-reader-text\"> de &laquo;&nbsp;La musique, une autre boutade&nbsp;&raquo;<\/span><\/a><\/p>\n","protected":false},"author":1,"featured_media":0,"parent":0,"menu_order":0,"comment_status":"closed","ping_status":"closed","template":"","meta":{"footnotes":""},"class_list":["post-142","page","type-page","status-publish","hentry"],"_links":{"self":[{"href":"https:\/\/labisette.com\/index.php?rest_route=\/wp\/v2\/pages\/142","targetHints":{"allow":["GET"]}}],"collection":[{"href":"https:\/\/labisette.com\/index.php?rest_route=\/wp\/v2\/pages"}],"about":[{"href":"https:\/\/labisette.com\/index.php?rest_route=\/wp\/v2\/types\/page"}],"author":[{"embeddable":true,"href":"https:\/\/labisette.com\/index.php?rest_route=\/wp\/v2\/users\/1"}],"replies":[{"embeddable":true,"href":"https:\/\/labisette.com\/index.php?rest_route=%2Fwp%2Fv2%2Fcomments&post=142"}],"version-history":[{"count":8,"href":"https:\/\/labisette.com\/index.php?rest_route=\/wp\/v2\/pages\/142\/revisions"}],"predecessor-version":[{"id":158,"href":"https:\/\/labisette.com\/index.php?rest_route=\/wp\/v2\/pages\/142\/revisions\/158"}],"wp:attachment":[{"href":"https:\/\/labisette.com\/index.php?rest_route=%2Fwp%2Fv2%2Fmedia&parent=142"}],"curies":[{"name":"wp","href":"https:\/\/api.w.org\/{rel}","templated":true}]}}