{"id":10,"date":"2025-01-19T09:40:08","date_gmt":"2025-01-19T08:40:08","guid":{"rendered":"http:\/\/labisette.com\/?page_id=10"},"modified":"2025-01-19T15:16:18","modified_gmt":"2025-01-19T14:16:18","slug":"bienvenue","status":"publish","type":"page","link":"https:\/\/labisette.com\/","title":{"rendered":"Bienvenue"},"content":{"rendered":"\n<p><strong>Curieuse, curieux, bienvenue sur cette page, sur cette pr\u00e9sentation d\u00e9cal\u00e9e, et <\/strong><strong>tout d&rsquo;abord<\/strong>, <strong>je vous fais \u00ab La Bisette \u00bb\u00a0!<\/strong><\/p>\n\n\n<div class=\"wp-block-image\">\n<figure class=\"aligncenter size-full is-resized\"><img loading=\"lazy\" decoding=\"async\" width=\"512\" height=\"512\" src=\"https:\/\/labisette.com\/wp-content\/uploads\/2025\/01\/cropped-LaBisette.png\" alt=\"\" class=\"wp-image-6\" style=\"width:226px;height:auto\" srcset=\"https:\/\/labisette.com\/wp-content\/uploads\/2025\/01\/cropped-LaBisette.png 512w, https:\/\/labisette.com\/wp-content\/uploads\/2025\/01\/cropped-LaBisette-300x300.png 300w, https:\/\/labisette.com\/wp-content\/uploads\/2025\/01\/cropped-LaBisette-150x150.png 150w, https:\/\/labisette.com\/wp-content\/uploads\/2025\/01\/cropped-LaBisette-100x100.png 100w, https:\/\/labisette.com\/wp-content\/uploads\/2025\/01\/cropped-LaBisette-270x270.png 270w, https:\/\/labisette.com\/wp-content\/uploads\/2025\/01\/cropped-LaBisette-192x192.png 192w, https:\/\/labisette.com\/wp-content\/uploads\/2025\/01\/cropped-LaBisette-180x180.png 180w, https:\/\/labisette.com\/wp-content\/uploads\/2025\/01\/cropped-LaBisette-32x32.png 32w\" sizes=\"auto, (max-width: 512px) 100vw, 512px\" \/><\/figure>\n<\/div>\n\n\n<blockquote class=\"wp-block-quote is-layout-flow wp-block-quote-is-layout-flow\">\n<p>\u00ab La Bisette \u00bb : La petite bise qui r\u00e9chauffe, amuse et fait du bien<\/p>\n<\/blockquote>\n","protected":false},"excerpt":{"rendered":"<p>Curieuse, curieux, bienvenue sur cette page, sur cette pr\u00e9sentation d\u00e9cal\u00e9e, et tout d&rsquo;abord, je vous fais \u00ab La Bisette \u00bb\u00a0! \u00ab La Bisette \u00bb : La petite bise qui r\u00e9chauffe, amuse et fait du bien<\/p>\n","protected":false},"author":1,"featured_media":0,"parent":0,"menu_order":0,"comment_status":"closed","ping_status":"closed","template":"","meta":{"footnotes":""},"class_list":["post-10","page","type-page","status-publish","hentry"],"_links":{"self":[{"href":"https:\/\/labisette.com\/index.php?rest_route=\/wp\/v2\/pages\/10","targetHints":{"allow":["GET"]}}],"collection":[{"href":"https:\/\/labisette.com\/index.php?rest_route=\/wp\/v2\/pages"}],"about":[{"href":"https:\/\/labisette.com\/index.php?rest_route=\/wp\/v2\/types\/page"}],"author":[{"embeddable":true,"href":"https:\/\/labisette.com\/index.php?rest_route=\/wp\/v2\/users\/1"}],"replies":[{"embeddable":true,"href":"https:\/\/labisette.com\/index.php?rest_route=%2Fwp%2Fv2%2Fcomments&post=10"}],"version-history":[{"count":12,"href":"https:\/\/labisette.com\/index.php?rest_route=\/wp\/v2\/pages\/10\/revisions"}],"predecessor-version":[{"id":119,"href":"https:\/\/labisette.com\/index.php?rest_route=\/wp\/v2\/pages\/10\/revisions\/119"}],"wp:attachment":[{"href":"https:\/\/labisette.com\/index.php?rest_route=%2Fwp%2Fv2%2Fmedia&parent=10"}],"curies":[{"name":"wp","href":"https:\/\/api.w.org\/{rel}","templated":true}]}}